{"id":179856,"date":"2024-05-19T08:41:23","date_gmt":"2024-05-19T12:41:23","guid":{"rendered":"https:\/\/my-little-adult-shop.com\/?product=maria-ribbed-knit-lace-teddy-crystal-rose-xl"},"modified":"2024-05-19T08:41:23","modified_gmt":"2024-05-19T12:41:23","slug":"maria-ribbed-knit-lace-teddy-crystal-rose-xl","status":"publish","type":"product","link":"https:\/\/my-little-adult-shop.com\/?product=maria-ribbed-knit-lace-teddy-crystal-rose-xl","title":{"rendered":"Maria Ribbed Knit &#038; Lace Teddy Crystal Rose Xl"},"content":{"rendered":"<p>Romantic yet racy, the Maria Collection from OH L\u00e0 L\u00e0 CH\u00e0RI was made to entice. Designed with an underwire cup and crafted from an all new soft, sensual ribbed jersey fabrication, whilst exquisite floral scalloped lace makes a strong statement.<br \/>\nFabric: 90% Nylon 10% Spandex.<br \/>\nXlarge. Cup D\/DD, Bust 38-40in., Waist 31-33in., Hips 40-42in., Weight 160-180 lbs.<\/p>\n","protected":false},"excerpt":{"rendered":"<p>Romantic yet racy, the Maria Collection from OH L\u00e0 L\u00e0 CH\u00e0RI was made to entice. Designed with an underwire cup and crafted from an all new soft, sensual ribbed jersey fabrication, whilst exquisite floral scalloped lace makes a strong statement. Fabric: 90% Nylon 10% Spandex. Xlarge. Cup D\/DD, Bust 38-40in., Waist 31-33in., Hips 40-42in., Weight [&hellip;]<\/p>\n","protected":false},"featured_media":179855,"comment_status":"open","ping_status":"closed","template":"","meta":{"_coblocks_attr":"","_coblocks_dimensions":"","_coblocks_responsive_height":"","_coblocks_accordion_ie_support":"","_crdt_document":"","advanced_seo_description":"","jetpack_seo_html_title":"","jetpack_seo_noindex":false,"jetpack_post_was_ever_published":false,"jetpack_publicize_message":"","jetpack_publicize_feature_enabled":true,"jetpack_social_post_already_shared":true,"jetpack_social_options":{"image_generator_settings":{"template":"highway","default_image_id":0,"font":"","enabled":false},"version":2},"_wpas_customize_per_network":false},"product_brand":[],"product_cat":[1405],"product_tag":[],"class_list":{"0":"post-179856","1":"product","2":"type-product","3":"status-publish","4":"has-post-thumbnail","6":"product_cat-teddies","8":"first","9":"instock","10":"taxable","11":"shipping-taxable","12":"purchasable","13":"product-type-simple"},"jetpack_publicize_connections":[],"jetpack_likes_enabled":true,"jetpack_sharing_enabled":true,"_links":{"self":[{"href":"https:\/\/my-little-adult-shop.com\/index.php?rest_route=\/wp\/v2\/product\/179856","targetHints":{"allow":["GET"]}}],"collection":[{"href":"https:\/\/my-little-adult-shop.com\/index.php?rest_route=\/wp\/v2\/product"}],"about":[{"href":"https:\/\/my-little-adult-shop.com\/index.php?rest_route=\/wp\/v2\/types\/product"}],"replies":[{"embeddable":true,"href":"https:\/\/my-little-adult-shop.com\/index.php?rest_route=%2Fwp%2Fv2%2Fcomments&post=179856"}],"wp:featuredmedia":[{"embeddable":true,"href":"https:\/\/my-little-adult-shop.com\/index.php?rest_route=\/wp\/v2\/media\/179855"}],"wp:attachment":[{"href":"https:\/\/my-little-adult-shop.com\/index.php?rest_route=%2Fwp%2Fv2%2Fmedia&parent=179856"}],"wp:term":[{"taxonomy":"product_brand","embeddable":true,"href":"https:\/\/my-little-adult-shop.com\/index.php?rest_route=%2Fwp%2Fv2%2Fproduct_brand&post=179856"},{"taxonomy":"product_cat","embeddable":true,"href":"https:\/\/my-little-adult-shop.com\/index.php?rest_route=%2Fwp%2Fv2%2Fproduct_cat&post=179856"},{"taxonomy":"product_tag","embeddable":true,"href":"https:\/\/my-little-adult-shop.com\/index.php?rest_route=%2Fwp%2Fv2%2Fproduct_tag&post=179856"}],"curies":[{"name":"wp","href":"https:\/\/api.w.org\/{rel}","templated":true}]}}